{"id":1298,"date":"2018-05-23T07:04:03","date_gmt":"2018-05-23T07:04:03","guid":{"rendered":"https:\/\/asmal.org.pt\/asmal\/quem-somos-copy\/"},"modified":"2025-05-15T09:22:18","modified_gmt":"2025-05-15T09:22:18","slug":"contatos","status":"publish","type":"page","link":"https:\/\/asmal.org.pt\/asmal\/contatos\/","title":{"rendered":"Contactos"},"content":{"rendered":"<!--themify_builder_content-->\n<div id=\"themify_builder_content-1298\" data-postid=\"1298\" class=\"themify_builder_content themify_builder_content-1298 themify_builder tf_clear\">\n    \t<!-- module_row -->\n\t<div  data-anchor=\"sede\" data-hide-anchor=\"1\" data-lazy=\"1\" class=\"module_row themify_builder_row repeat tb_has_section tb_section-sede tb_q5sf433 tb_first tf_clearfix\" >\n\t    \t\t<div class=\"row_inner col_align_top tf_box tf_w tf_rel\">\n\t\t\t<div  data-lazy=\"1\" class=\"module_column tb-column col-full first tb_eu1e730 tf_box\">\n\t    \t    \t        <div class=\"tb-column-inner tf_box tf_w\">\n\t\t    \t<div  data-lazy=\"1\" class=\"module_subrow themify_builder_sub_row tb_tlpk702 tf_w tf_clearfix\">\n\t    \t\t<div class=\"subrow_inner col_align_top tf_box tf_w\">\n\t\t\t<div  data-lazy=\"1\" class=\"sub_column module_column tf_box col-full first tb_8rbh712\"> \n\t    \t    \t        <div class=\"tb-column-inner tf_box tf_w\">\n\t\t    <!-- module fancy heading -->\n<div  class=\"module module-fancy-heading tb_1fq6119  tb_gs21115ed\" data-lazy=\"1\">\n        <h1 class=\"fancy-heading tf_textc\">\n    <span  class=\"main-head tf_block\">\n\t    <\/span>\n    <span class=\"sub-head tf_block tf_rel\">\n\ta nossa sede    <\/span>\n\n    <\/h1>\n<\/div>\n<!-- \/module fancy heading -->\n\t        <\/div>\n\t    \t<\/div>\n\t\t    <\/div>\n\t<\/div><!-- \/themify_builder_sub_row -->\n\t\t<div  data-lazy=\"1\" class=\"module_subrow themify_builder_sub_row tb_uylx698 tf_w tf_clearfix\">\n\t    \t\t<div class=\"subrow_inner col_align_top tf_box tf_w\">\n\t\t\t<div  data-lazy=\"1\" class=\"sub_column module_column tf_box col3-1 first tb_ze5e711\"> \n\t    \t    \t        <div class=\"tb-column-inner tf_box tf_w\">\n\t\t    <!-- module icon -->\n<div  class=\"module module-icon tb_pofg713  normal none icon_vertical tf_textc\" data-lazy=\"1\">\n            <div class=\"module-icon\">\n\t\t    <div class=\"module-icon-item\">\n\t\t                \t\t    \t\t\t    <i class=\"ui tf_vmiddle tf_textc tf_box transparent\"><svg  aria-hidden=\"true\" class=\"tf_fa tf-fas-phone\"><use href=\"#tf-fas-phone\"><\/use><\/svg><\/i>\n\t\t                \t\t    \t\t    \t    <\/div>\n\t    <\/div>\n<\/div>\n<!-- \/module icon -->\n<!-- module text -->\n<div  class=\"module module-text tb_dfxx716   \" data-lazy=\"1\">\n            <div  class=\"tb_text_wrap\">\n    <p>(+351) 289 417 997<br \/>(+351) 289 417 995<\/p>    <\/div>\n<\/div>\n<!-- \/module text -->\t        <\/div>\n\t    \t<\/div>\n\t\t<div  data-lazy=\"1\" class=\"sub_column module_column tf_box col3-1 middle tb_ksq7718\"> \n\t    \t    \t        <div class=\"tb-column-inner tf_box tf_w\">\n\t\t    <!-- module icon -->\n<div  class=\"module module-icon tb_pwbf719  normal none icon_vertical tf_textc\" data-lazy=\"1\">\n            <div class=\"module-icon\">\n\t\t    <div class=\"module-icon-item\">\n\t\t                \t\t    \t\t\t    <i class=\"ui tf_vmiddle tf_textc tf_box transparent\"><svg  aria-hidden=\"true\" class=\"tf_fa tf-far-map-marker\"><use href=\"#tf-far-map-marker\"><\/use><\/svg><\/i>\n\t\t                \t\t    \t\t    \t    <\/div>\n\t    <\/div>\n<\/div>\n<!-- \/module icon -->\n<!-- module text -->\n<div  class=\"module module-text tb_oapi720   \" data-lazy=\"1\">\n            <div  class=\"tb_text_wrap\">\n    <p>Loteamento Industrial de Loul\u00e9, Lote 6<br \/>8100 &#8211; 272 Loul\u00e9<\/p>    <\/div>\n<\/div>\n<!-- \/module text -->\t        <\/div>\n\t    \t<\/div>\n\t\t<div  data-lazy=\"1\" class=\"sub_column module_column tf_box col3-1 last tb_0cnx721\"> \n\t    \t    \t        <div class=\"tb-column-inner tf_box tf_w\">\n\t\t    <!-- module icon -->\n<div  class=\"module module-icon tb_wh69723  normal none icon_vertical tf_textc\" data-lazy=\"1\">\n            <div class=\"module-icon\">\n\t\t    <div class=\"module-icon-item\">\n\t\t                \t\t    \t\t\t    <i class=\"ui tf_vmiddle tf_textc tf_box transparent\"><svg  aria-hidden=\"true\" class=\"tf_fa tf-far-envelope-o\"><use href=\"#tf-far-envelope-o\"><\/use><\/svg><\/i>\n\t\t                \t\t    \t\t    \t    <\/div>\n\t    <\/div>\n<\/div>\n<!-- \/module icon -->\n<!-- module text -->\n<div  class=\"module module-text tb_hbjb724   \" data-lazy=\"1\">\n            <div  class=\"tb_text_wrap\">\n    <p>geral@asmal.org.pt<\/p>    <\/div>\n<\/div>\n<!-- \/module text -->\t        <\/div>\n\t    \t<\/div>\n\t\t    <\/div>\n\t<\/div><!-- \/themify_builder_sub_row -->\n\t\t        <\/div>\n\t    \t<\/div>\n\t\t    <\/div>\n\t    <!-- \/row_inner -->\n\t<\/div>\n\t<!-- \/module_row -->\n\t\t<!-- module_row -->\n\t<div  data-anchor=\"espacos\" data-hide-anchor=\"1\" data-lazy=\"1\" class=\"module_row themify_builder_row repeat tb_has_section tb_section-espacos tb_74lo390 tf_clearfix\" >\n\t    \t\t<div class=\"row_inner col_align_top tf_box tf_w tf_rel\">\n\t\t\t<div  data-lazy=\"1\" class=\"module_column tb-column col-full first tb_x0td043 tf_box\">\n\t    \t    \t        <div class=\"tb-column-inner tf_box tf_w\">\n\t\t    <!-- module fancy heading -->\n<div  class=\"module module-fancy-heading tb_pmb6413  tb_gs21115ed\" data-lazy=\"1\">\n        <h1 class=\"fancy-heading tf_textc\">\n    <span  class=\"main-head tf_block\">\n\t    <\/span>\n    <span class=\"sub-head tf_block tf_rel\">\n\tos nossos espa\u00e7os    <\/span>\n\n    <\/h1>\n<\/div>\n<!-- \/module fancy heading -->\n\t<div  data-lazy=\"1\" class=\"module_subrow themify_builder_sub_row tb_zyq4330 tf_w tf_clearfix\">\n\t    \t\t<div class=\"subrow_inner col_align_top tf_box tf_w\">\n\t\t\t<div  data-lazy=\"1\" class=\"sub_column module_column tf_box col3-1 first tb_4vqf001\"> \n\t    \t    \t        <div class=\"tb-column-inner tf_box tf_w\">\n\t\t    <!-- module fancy heading -->\n<div  class=\"module module-fancy-heading tb_zosp403  tb_hide_divider\" data-lazy=\"1\">\n        <h2 class=\"fancy-heading tf_textc\">\n    <span  class=\"main-head tf_block\">\n\tLoul\u00e9    <\/span>\n    <span class=\"sub-head tf_block tf_rel\">\n\t    <\/span>\n\n    <\/h2>\n<\/div>\n<!-- \/module fancy heading -->\n<!-- module plain text -->\n<div  class=\"module module-plain-text tb_enr8355 \" data-lazy=\"1\">\n        <div class=\"tb_text_wrap\" >\n\tUnidade S\u00f3cio-Ocupacional Para Adolescentes    <\/div>\n<\/div>\n<!-- \/module plain text --><!-- module icon -->\n<div  class=\"module module-icon tb_8cgf650  normal circle icon_horizontal \" data-lazy=\"1\">\n            <div class=\"module-icon\">\n\t\t    <div class=\"module-icon-item tf_inline_b\">\n\t\t                \t\t    \t\t\t    <i class=\"ui tf_vmiddle tf_textc tf_box transparent\"><svg  aria-hidden=\"true\" class=\"tf_fa tf-far-map-marker\"><use href=\"#tf-far-map-marker\"><\/use><\/svg><\/i>\n\t\t                \t\t    \t\t\t<span class=\"tf_vmiddle\">Lotamento Industrial de Loul\u00e9, Lote 5, 8100-272, Loul\u00e9<\/span>\n\t\t    \t\t    \t    <\/div>\n\t\t    <div class=\"module-icon-item tf_inline_b\">\n\t\t                \t\t    \t\t\t    <i class=\"ui tf_vmiddle tf_textc tf_box transparent\"><svg  aria-hidden=\"true\" class=\"tf_fa tf-fas-phone\"><use href=\"#tf-fas-phone\"><\/use><\/svg><\/i>\n\t\t                \t\t    \t\t\t<span class=\"tf_vmiddle\">(+351) 289 463 032<\/span>\n\t\t    \t\t    \t    <\/div>\n\t    <\/div>\n<\/div>\n<!-- \/module icon -->\n\t        <\/div>\n\t    \t<\/div>\n\t\t<div  data-lazy=\"1\" class=\"sub_column module_column tf_box col3-1 middle tb_tn2g433\"> \n\t    \t    \t        <div class=\"tb-column-inner tf_box tf_w\">\n\t\t    <!-- module fancy heading -->\n<div  class=\"module module-fancy-heading tb_vpqs300  tb_hide_divider\" data-lazy=\"1\">\n        <h2 class=\"fancy-heading tf_textc\">\n    <span  class=\"main-head tf_block\">\n\tAlmancil    <\/span>\n    <span class=\"sub-head tf_block tf_rel\">\n\t    <\/span>\n\n    <\/h2>\n<\/div>\n<!-- \/module fancy heading -->\n<!-- module plain text -->\n<div  class=\"module module-plain-text tb_gzg49 \" data-lazy=\"1\">\n        <div class=\"tb_text_wrap\" >\n\tF\u00f3rum S\u00f3cio-Ocupacional de Almancil     <\/div>\n<\/div>\n<!-- \/module plain text --><!-- module icon -->\n<div  class=\"module module-icon tb_dvxp324  normal circle icon_vertical \" data-lazy=\"1\">\n            <div class=\"module-icon\">\n\t\t    <div class=\"module-icon-item\">\n\t\t                \t\t    \t\t\t    <i class=\"ui tf_vmiddle tf_textc tf_box transparent\"><svg  aria-hidden=\"true\" class=\"tf_fa tf-far-map-marker\"><use href=\"#tf-far-map-marker\"><\/use><\/svg><\/i>\n\t\t                \t\t    \t\t\t<span class=\"tf_vmiddle\">Casa da Horta, Areias de Almancil Estrada Qta do Lago, 8135-171 AP 3697, Almancil<\/span>\n\t\t    \t\t    \t    <\/div>\n\t\t    <div class=\"module-icon-item\">\n\t\t                \t\t    \t\t\t    <i class=\"ui tf_vmiddle tf_textc tf_box transparent\"><svg  aria-hidden=\"true\" class=\"tf_fa tf-fas-phone\"><use href=\"#tf-fas-phone\"><\/use><\/svg><\/i>\n\t\t                \t\t    \t\t\t<span class=\"tf_vmiddle\">(+351) 289 398 362<\/span>\n\t\t    \t\t    \t    <\/div>\n\t    <\/div>\n<\/div>\n<!-- \/module icon -->\n\t        <\/div>\n\t    \t<\/div>\n\t\t<div  data-lazy=\"1\" class=\"sub_column module_column tf_box col3-1 last tb_mhih063\"> \n\t    \t    \t        <div class=\"tb-column-inner tf_box tf_w\">\n\t\t    <!-- module fancy heading -->\n<div  class=\"module module-fancy-heading tb_i0yv25  tb_hide_divider\" data-lazy=\"1\">\n        <h2 class=\"fancy-heading tf_textc\">\n    <span  class=\"main-head tf_block\">\n\tFaro    <\/span>\n    <span class=\"sub-head tf_block tf_rel\">\n\t    <\/span>\n\n    <\/h2>\n<\/div>\n<!-- \/module fancy heading -->\n<!-- module plain text -->\n<div  class=\"module module-plain-text tb_3ccd336 \" data-lazy=\"1\">\n        <div class=\"tb_text_wrap\" >\n\tF\u00f3rum S\u00f3cio-Ocupacional de Faro    <\/div>\n<\/div>\n<!-- \/module plain text --><!-- module icon -->\n<div  class=\"module module-icon tb_w9sm500  normal circle icon_vertical \" data-lazy=\"1\">\n            <div class=\"module-icon\">\n\t\t    <div class=\"module-icon-item\">\n\t\t                \t\t    \t\t\t    <i class=\"ui tf_vmiddle tf_textc tf_box transparent\"><svg  aria-hidden=\"true\" class=\"tf_fa tf-far-map-marker\"><use href=\"#tf-far-map-marker\"><\/use><\/svg><\/i>\n\t\t                \t\t    \t\t\t<span class=\"tf_vmiddle\">Rua Jos\u00e9 Pedro de Almeida, 4A, Edif. Platina, 8000-505, Faro<\/span>\n\t\t    \t\t    \t    <\/div>\n\t\t    <div class=\"module-icon-item\">\n\t\t                \t\t    \t\t\t    <i class=\"ui tf_vmiddle tf_textc tf_box transparent\"><svg  aria-hidden=\"true\" class=\"tf_fa tf-fas-phone\"><use href=\"#tf-fas-phone\"><\/use><\/svg><\/i>\n\t\t                \t\t    \t\t\t<span class=\"tf_vmiddle\">(+351) 289 825 858 <\/span>\n\t\t    \t\t    \t    <\/div>\n\t    <\/div>\n<\/div>\n<!-- \/module icon -->\n\t        <\/div>\n\t    \t<\/div>\n\t\t    <\/div>\n\t<\/div><!-- \/themify_builder_sub_row -->\n\t\t        <\/div>\n\t    \t<\/div>\n\t\t    <\/div>\n\t    <!-- \/row_inner -->\n\t<\/div>\n\t<!-- \/module_row -->\n\t\t<!-- module_row -->\n\t<div  data-anchor=\"contato\" data-hide-anchor=\"1\" data-lazy=\"1\" class=\"module_row themify_builder_row repeat tb_has_section tb_section-contato tb_36lt130 tf_clearfix\" >\n\t    \t\t<div class=\"row_inner col_align_top tf_box tf_w tf_rel\">\n\t\t\t<div  data-lazy=\"1\" class=\"module_column tb-column col-full first tb_rqy2028 tf_box\">\n\t    \t    \t        <div class=\"tb-column-inner tf_box tf_w\">\n\t\t    <!-- module fancy heading -->\n<div  class=\"module module-fancy-heading tb_4rkj490  tb_gs21115ed\" data-lazy=\"1\">\n        <h1 class=\"fancy-heading tf_textc\">\n    <span  class=\"main-head tf_block\">\n\t    <\/span>\n    <span class=\"sub-head tf_block tf_rel\">\n\tcontate-nos pelo formul\u00e1rio    <\/span>\n\n    <\/h1>\n<\/div>\n<!-- \/module fancy heading -->\n<!-- module contact -->\n<div  id=\"tb_g0ou233\" class=\"module module-contact tb_g0ou233 animated-label contact-animated-label \" data-lazy=\"1\">\n        \n    \n\t<form\n\t\taction=\"https:\/\/asmal.org.pt\/asmal\/wp-admin\/admin-ajax.php\"\n\t\tclass=\"builder-contact\"\n\t\tid=\"tb_g0ou233-form\"\n\t\tmethod=\"post\"\n\t\tdata-post-id=\"1298\"\n\t\tdata-element-id=\"g0ou233\"\n\t\tdata-orig-id=\"1298\"\n\t>\n    <div class=\"contact-message\"><\/div>\n\t<div class=\"builder-contact-fields tf_rel\">\n\t\t    \t\t    <div class=\"builder-contact-field builder-contact-field-name builder-contact-text-field\">\n\t\t\t    <label class=\"control-label\" for=\"tb_g0ou233-contact-name\"><span class=\"tb-label-span\">Nome <\/span><span class=\"required\">*<\/span><\/label>\n\t\t\t    <div class=\"control-input\">\n\t\t\t\t    \t\t\t\t\t    <input type=\"text\" name=\"contact-name\" id=\"tb_g0ou233-contact-name\" value=\"\" class=\"form-control\" required\/>\n\t\t\t\t    \t\t\t\t    \t\t\t\t\t    <span class=\"tb_contact_label\">\n\t\t\t\t\t\t    <span class=\"tb-label-span\">Nome <\/span><span class=\"required\">*<\/span>\t\t\t\t\t    <\/span>\n\t\t\t\t    \t\t\t    <\/div>\n\t\t<\/div>\n\t    \n\t\t    \t\t    <div class=\"builder-contact-field builder-contact-field-email builder-contact-text-field\">\n\t\t\t    <label class=\"control-label\" for=\"tb_g0ou233-contact-email\"><span class=\"tb-label-span\">Email <\/span><span class=\"required\">*<\/span><\/label>\n\t\t\t    <div class=\"control-input\">\n\t\t\t\t    \t\t\t\t\t    <input type=\"text\" name=\"contact-email\" id=\"tb_g0ou233-contact-email\" value=\"\" class=\"form-control\" required\/>\n\t\t\t\t    \t\t\t\t    \t\t\t\t\t    <span class=\"tb_contact_label\">\n\t\t\t\t\t\t    <span class=\"tb-label-span\">Email <\/span><span class=\"required\">*<\/span>\t\t\t\t\t    <\/span>\n\t\t\t\t    \t\t\t    <\/div>\n\t\t<\/div>\n\t    \n\t\t    \t\t    <div class=\"builder-contact-field builder-contact-field-message builder-contact-textarea-field\">\n\t\t\t    <label class=\"control-label\" for=\"tb_g0ou233-contact-message\"><span class=\"tb-label-span\">Mensagem <\/span><span class=\"required\">*<\/span><\/label>\n\t\t\t    <div class=\"control-input\">\n\t\t\t\t    \t\t\t\t\t    <textarea name=\"contact-message\" id=\"tb_g0ou233-contact-message\" rows=\"8\" cols=\"45\" class=\"form-control\" required><\/textarea>\n\t\t\t\t    \t\t\t\t    \t\t\t\t\t    <span class=\"tb_contact_label\">\n\t\t\t\t\t\t    <span class=\"tb-label-span\">Mensagem <\/span><span class=\"required\">*<\/span>\t\t\t\t\t    <\/span>\n\t\t\t\t    \t\t\t    <\/div>\n\t\t<\/div>\n\t    \n\t\t    \n\t\t\t    \n\t\t\t    \n\t    \t    <div class=\"builder-contact-field builder-contact-field-send control-input tf_textl tf_clear\">\n\t\t\t<button type=\"submit\" class=\"btn btn-primary\"><span class=\"tf_loader\"><\/span> Enviar<\/button>\n\t    <\/div>\n\t<\/div>\n    <\/form>\n\n    <\/div>\n<!-- \/module contact -->\n\t        <\/div>\n\t    \t<\/div>\n\t\t    <\/div>\n\t    <!-- \/row_inner -->\n\t<\/div>\n\t<!-- \/module_row -->\n\t<\/div>\n<!--\/themify_builder_content-->","protected":false},"excerpt":{"rendered":"<p>a nossa sede (+351) 289 417 997(+351) 289 417 995 Loteamento Industrial de Loul\u00e9, Lote 68100 &#8211; 272 Loul\u00e9 geral@asmal.org.pt os nossos espa\u00e7os Loul\u00e9 Unidade S\u00f3cio-Ocupacional Para Adolescentes Lotamento Industrial de Loul\u00e9, Lote 5, 8100-272, Loul\u00e9 (+351) 289 463 032 Almancil F\u00f3rum S\u00f3cio-Ocupacional de Almancil Casa da Horta, Areias de Almancil Estrada Qta do Lago, [&hellip;]<\/p>\n","protected":false},"author":1,"featured_media":1302,"parent":0,"menu_order":0,"comment_status":"closed","ping_status":"closed","template":"","meta":{"footnotes":""},"class_list":["post-1298","page","type-page","status-publish","has-post-thumbnail","hentry","has-post-title","has-post-date","has-post-category","has-post-tag","has-post-comment","has-post-author",""],"builder_content":"<h1><br\/>a nossa sede<\/h1>\n<i><svg aria-hidden=\"true\"><use href=\"#tf-fas-phone\"><\/use><\/svg><\/i>\n<p>(+351) 289 417 997<br \/>(+351) 289 417 995<\/p>\n<i><svg aria-hidden=\"true\"><use href=\"#tf-far-map-marker\"><\/use><\/svg><\/i>\n<p>Loteamento Industrial de Loul\u00e9, Lote 6<br \/>8100 - 272 Loul\u00e9<\/p>\n<i><svg aria-hidden=\"true\"><use href=\"#tf-far-envelope-o\"><\/use><\/svg><\/i>\n<p>geral@asmal.org.pt<\/p>\n<h1><br\/>os nossos espa\u00e7os<\/h1>\n<h2>Loul\u00e9<br\/><\/h2>\nUnidade S\u00f3cio-Ocupacional Para Adolescentes\n<i><svg aria-hidden=\"true\"><use href=\"#tf-far-map-marker\"><\/use><\/svg><\/i> Lotamento Industrial de Loul\u00e9, Lote 5, 8100-272, Loul\u00e9 <i><svg aria-hidden=\"true\"><use href=\"#tf-fas-phone\"><\/use><\/svg><\/i> (+351) 289 463 032\n<h2>Almancil<br\/><\/h2>\nF\u00f3rum S\u00f3cio-Ocupacional de Almancil\n<i><svg aria-hidden=\"true\"><use href=\"#tf-far-map-marker\"><\/use><\/svg><\/i> Casa da Horta, Areias de Almancil Estrada Qta do Lago, 8135-171 AP 3697, Almancil <i><svg aria-hidden=\"true\"><use href=\"#tf-fas-phone\"><\/use><\/svg><\/i> (+351) 289 398 362\n<h2>Faro<br\/><\/h2>\nF\u00f3rum S\u00f3cio-Ocupacional de Faro\n<i><svg aria-hidden=\"true\"><use href=\"#tf-far-map-marker\"><\/use><\/svg><\/i> Rua Jos\u00e9 Pedro de Almeida, 4A, Edif. Platina, 8000-505, Faro <i><svg aria-hidden=\"true\"><use href=\"#tf-fas-phone\"><\/use><\/svg><\/i> (+351) 289 825 858\n<h1><br\/>contate-nos pelo formul\u00e1rio<\/h1>\n<form action=\"https:\/\/asmal.org.pt\/asmal\/wp-admin\/admin-ajax.php\" class=\"builder-contact\" id=\"tb_g0ou233-form\" method=\"post\" data-post-id=\"0\" data-element-id=\"g0ou233\" data-orig-id=\"1298\" > <label for=\"tb_g0ou233-contact-name\">Nome *<\/label> <input type=\"text\" name=\"contact-name\" id=\"tb_g0ou233-contact-name\" value=\"\" required\/> Nome * <label for=\"tb_g0ou233-contact-email\">Email *<\/label> <input type=\"text\" name=\"contact-email\" id=\"tb_g0ou233-contact-email\" value=\"\" required\/> Email * <label for=\"tb_g0ou233-contact-message\">Mensagem *<\/label> <textarea name=\"contact-message\" id=\"tb_g0ou233-contact-message\" rows=\"8\" cols=\"45\" required><\/textarea> Mensagem * <button type=\"submit\"> Enviar<\/button> <\/form>","_links":{"self":[{"href":"https:\/\/asmal.org.pt\/asmal\/wp-json\/wp\/v2\/pages\/1298","targetHints":{"allow":["GET"]}}],"collection":[{"href":"https:\/\/asmal.org.pt\/asmal\/wp-json\/wp\/v2\/pages"}],"about":[{"href":"https:\/\/asmal.org.pt\/asmal\/wp-json\/wp\/v2\/types\/page"}],"author":[{"embeddable":true,"href":"https:\/\/asmal.org.pt\/asmal\/wp-json\/wp\/v2\/users\/1"}],"replies":[{"embeddable":true,"href":"https:\/\/asmal.org.pt\/asmal\/wp-json\/wp\/v2\/comments?post=1298"}],"version-history":[{"count":71,"href":"https:\/\/asmal.org.pt\/asmal\/wp-json\/wp\/v2\/pages\/1298\/revisions"}],"predecessor-version":[{"id":2543,"href":"https:\/\/asmal.org.pt\/asmal\/wp-json\/wp\/v2\/pages\/1298\/revisions\/2543"}],"wp:featuredmedia":[{"embeddable":true,"href":"https:\/\/asmal.org.pt\/asmal\/wp-json\/wp\/v2\/media\/1302"}],"wp:attachment":[{"href":"https:\/\/asmal.org.pt\/asmal\/wp-json\/wp\/v2\/media?parent=1298"}],"curies":[{"name":"wp","href":"https:\/\/api.w.org\/{rel}","templated":true}]}}