{"id":2149,"date":"2020-06-04T10:20:05","date_gmt":"2020-06-04T10:20:05","guid":{"rendered":"https:\/\/asmal.org.pt\/asmal\/a-asmal-copy\/"},"modified":"2024-04-11T15:44:39","modified_gmt":"2024-04-11T15:44:39","slug":"equipa","status":"publish","type":"page","link":"https:\/\/asmal.org.pt\/asmal\/equipa\/","title":{"rendered":"A Equipa"},"content":{"rendered":"<!--themify_builder_content-->\n<div id=\"themify_builder_content-2149\" data-postid=\"2149\" class=\"themify_builder_content themify_builder_content-2149 themify_builder tf_clear\">\n    \t<!-- module_row -->\n\t<div  data-anchor=\"orgaos_sociais\" data-hide-anchor=\"1\" data-lazy=\"1\" class=\"module_row themify_builder_row tb_has_section tb_section-orgaos_sociais tb_zzke770 tb_first tf_clearfix\" >\n\t    \t\t<div class=\"row_inner col_align_top tf_box tf_w tf_rel\">\n\t\t\t<div  data-lazy=\"1\" class=\"module_column tb-column col-full first tb_1efb011 tf_box\">\n\t    \t    \t        <div class=\"tb-column-inner tf_box tf_w\">\n\t\t    <!-- module fancy heading -->\n<div  class=\"module module-fancy-heading tb_um7p801  tb_gs21115ed\" data-lazy=\"1\">\n        <h1 class=\"fancy-heading tf_textc\">\n    <span  class=\"main-head tf_block\">\n\t    <\/span>\n    <span class=\"sub-head tf_block tf_rel\">\n\tOrg\u00e3os Sociais    <\/span>\n\n    <\/h1>\n<\/div>\n<!-- \/module fancy heading -->\n<!-- module text -->\n<div  class=\"module module-text tb_wclb800   \" data-lazy=\"1\">\n            <div  class=\"tb_text_wrap\">\n        <\/div>\n<\/div>\n<!-- \/module text -->\t<div  data-lazy=\"1\" class=\"module_subrow themify_builder_sub_row tb_jimh810 tf_w tf_clearfix\">\n\t    \t\t<div class=\"subrow_inner col_align_top tf_box tf_w\">\n\t\t\t<div  data-lazy=\"1\" class=\"sub_column module_column tf_box col-full first tb_ozlv819\" > \n\t    \t    \t        <div class=\"tb-column-inner tf_box tf_w\">\n\t\t    <!-- module plain text -->\n<div  class=\"module module-plain-text tb_0qmj806 \" data-lazy=\"1\">\n        <div class=\"tb_text_wrap\" >\n\tDire\u00e7\u00e3o    <\/div>\n<\/div>\n<!-- \/module plain text --><!-- module text -->\n<div  class=\"module module-text tb_t3nz413   \" data-lazy=\"1\">\n            <div  class=\"tb_text_wrap\">\n    <p><span style=\"color: #3f4372; font-variant: small-caps; font-size: 16px;\">Presidente: <\/span>Maria Leonarda da Silva<\/p>\n<p><span style=\"color: #3f4372; font-variant: small-caps; font-size: 16px;\">Vice-Presidente: <\/span>Ana Cristina Carvalho<\/p>\n<p><span style=\"color: #3f4372; font-variant: small-caps; font-size: 16px;\">Secret\u00e1ria: <\/span>Catarina Sebasti\u00e3o<\/p>\n<p><span style=\"color: #3f4372; font-variant: small-caps; font-size: 16px;\">Tesoureira: <\/span>Maria Medeiros<\/p>\n<p><span style=\"color: #3f4372; font-variant: small-caps; font-size: 16px;\">Vogal: <\/span>Ana Cristina Trindade<\/p>\n<p>\u00a0<\/p>    <\/div>\n<\/div>\n<!-- \/module text -->\t        <\/div>\n\t    \t<\/div>\n\t\t    <\/div>\n\t<\/div><!-- \/themify_builder_sub_row -->\n\t\t<div  data-lazy=\"1\" class=\"module_subrow themify_builder_sub_row tb_uaxn793 tf_w tf_clearfix\">\n\t    \t\t<div class=\"subrow_inner col_align_top tf_box tf_w\">\n\t\t\t<div  data-lazy=\"1\" class=\"sub_column module_column tf_box col-full first tb_0qzw803\" > \n\t    \t    \t        <div class=\"tb-column-inner tf_box tf_w\">\n\t\t    <!-- module plain text -->\n<div  class=\"module module-plain-text tb_50m2116 \" data-lazy=\"1\">\n        <div class=\"tb_text_wrap\" >\n\tMESA DA ASSEMBLEIA GERAL    <\/div>\n<\/div>\n<!-- \/module plain text --><!-- module text -->\n<div  class=\"module module-text tb_ozou808   \" data-lazy=\"1\">\n            <div  class=\"tb_text_wrap\">\n    <p><span style=\"color: #3f4372; font-variant: small-caps; font-size: 16px;\">Presidente: <\/span>Artur Filipe Greg\u00f3rio<\/p>\n<p><span style=\"color: #3f4372; font-variant: small-caps; font-size: 16px;\">Vice-Presidente: <\/span>Fernanda Pires<\/p>\n<p><span style=\"color: #3f4372; font-variant: small-caps; font-size: 16px;\">Secret\u00e1ria: <\/span>Ana Paula Horta<\/p>\n<p>\u00a0<\/p>\n<p>\u00a0<\/p>    <\/div>\n<\/div>\n<!-- \/module text -->\t        <\/div>\n\t    \t<\/div>\n\t\t    <\/div>\n\t<\/div><!-- \/themify_builder_sub_row -->\n\t\t<div  data-lazy=\"1\" class=\"module_subrow themify_builder_sub_row tb_rl1w68 tf_w tf_clearfix\">\n\t    \t\t<div class=\"subrow_inner col_align_top tf_box tf_w\">\n\t\t\t<div  data-lazy=\"1\" class=\"sub_column module_column tf_box col-full first tb_n77z71\" > \n\t    \t    \t        <div class=\"tb-column-inner tf_box tf_w\">\n\t\t    <!-- module plain text -->\n<div  class=\"module module-plain-text tb_d0a574 \" data-lazy=\"1\">\n        <div class=\"tb_text_wrap\" >\n\tCONSELHO FISCAL    <\/div>\n<\/div>\n<!-- \/module plain text --><!-- module text -->\n<div  class=\"module module-text tb_fdph77   \" data-lazy=\"1\">\n            <div  class=\"tb_text_wrap\">\n    <p><span style=\"color: #3f4372; font-variant: small-caps; font-size: 16px;\">Presidente: <\/span>Jos\u00e9 Ant\u00f3nio Lopes<\/p>\n<p><span style=\"color: #3f4372; font-variant: small-caps; font-size: 16px;\">Vice-Presidente: <\/span>L\u00edcia Teles<\/p>\n<p><span style=\"color: #3f4372; font-variant: small-caps; font-size: 16px;\">Vogal: <\/span>Marta Teixeira<\/p>    <\/div>\n<\/div>\n<!-- \/module text -->\t        <\/div>\n\t    \t<\/div>\n\t\t    <\/div>\n\t<\/div><!-- \/themify_builder_sub_row -->\n\t\t        <\/div>\n\t    \t<\/div>\n\t\t    <\/div>\n\t    <!-- \/row_inner -->\n\t<\/div>\n\t<!-- \/module_row -->\n\t\t<!-- module_row -->\n\t<div  data-anchor=\"organograma\" data-hide-anchor=\"1\" data-lazy=\"1\" class=\"module_row themify_builder_row repeat tb_has_section tb_section-organograma tb_joht95 tf_clearfix\" >\n\t    \t\t<div class=\"row_inner col_align_top tf_box tf_w tf_rel\">\n\t\t\t<div  data-lazy=\"1\" class=\"module_column tb-column col-full first tb_c55k104 tf_box\">\n\t    \t    \t        <div class=\"tb-column-inner tf_box tf_w\">\n\t\t    <!-- module fancy heading -->\n<div  class=\"module module-fancy-heading tb_hsqh108  tb_gs21115ed\" data-lazy=\"1\">\n        <h1 class=\"fancy-heading tf_textc\">\n    <span  class=\"main-head tf_block\">\n\t    <\/span>\n    <span class=\"sub-head tf_block tf_rel\">\n\tOrganograma    <\/span>\n\n    <\/h1>\n<\/div>\n<!-- \/module fancy heading -->\n<!-- module pointers -->\n<div  id=\"tb_oxq268\" class=\"module module-pointers tb_oxq268  tf_textc\" data-lazy=\"1\">\n        \n    \n    <div class=\"showcase-image tf_inline_b tf_rel tf_mw\">\n\t<img loading=\"lazy\" decoding=\"async\" src=\"https:\/\/asmal.org.pt\/asmal\/wp-content\/uploads\/2020\/06\/Organograma_Novo-462x1024-800x1773.jpg\" width=\"800\" height=\"1773\" class=\"wp-post-image wp-image-2156\" title=\"Organograma_Novo\" alt=\"Organograma_Novo\" srcset=\"https:\/\/asmal.org.pt\/asmal\/wp-content\/uploads\/2020\/06\/Organograma_Novo-462x1024-800x1773.jpg 800w, https:\/\/asmal.org.pt\/asmal\/wp-content\/uploads\/2020\/06\/Organograma_Novo-135x300.jpg 135w, https:\/\/asmal.org.pt\/asmal\/wp-content\/uploads\/2020\/06\/Organograma_Novo-462x1024.jpg 462w, https:\/\/asmal.org.pt\/asmal\/wp-content\/uploads\/2020\/06\/Organograma_Novo-693x1536.jpg 693w, https:\/\/asmal.org.pt\/asmal\/wp-content\/uploads\/2020\/06\/Organograma_Novo-462x1024-400x886.jpg 400w, https:\/\/asmal.org.pt\/asmal\/wp-content\/uploads\/2020\/06\/Organograma_Novo.jpg 737w\" sizes=\"auto, (max-width: 800px) 100vw, 800px\" \/>\t    <div class=\"tb-blob tb-blob-right \" style=\"top:0.7367365813377375%;left:4.029304029304029%\">\n\n\t\t\t\n\t\t    <span class=\"tb-blob-icon\" style=\"background-color: #ee2312;\">\n\t\t\t\t<span style=\"background-color: #ee2312;\"><\/span>\n\t\t    <\/span>\n\n\t\t    \t\t\t\t\n\t\t\t\t\t\t\t<div class=\"tb-blob-tooltip tf_opacity tf_hidden\" role=\"tooltip\">Clique em cada Unidade Org\u00e2nica\nPara obter mais informa\u00e7\u00f5es<\/div>\n\t\t\t\t    <\/div>\n\t\t\n\t\t\n\t\t    <div class=\"tb-blob tb-blob-bottom \" style=\"top:8.08474814203138%;left:17.582417582417584%\">\n\n\t\t\t\n\t\t    <span class=\"tb-blob-icon tf_opacity\" style=\"background-color: #3f4372;\">\n\t\t\t\t<span style=\"background-color: #3f4372;\"><\/span>\n\t\t    <\/span>\n\n\t\t    \t\t\t\t\n\t\t\t\t\t\t\t<div class=\"tb-blob-tooltip tf_opacity tf_hidden\" role=\"tooltip\">Lorem ipsum dolor sit amet<\/div>\n\t\t\t\t    <\/div>\n\t\t\n\t\t\n\t\t    <div class=\"tb-blob tb-blob-bottom \" style=\"top:2.8050206440957886%;left:47.985347985347985%\">\n\n\t\t\t\n\t\t    <span class=\"tb-blob-icon tf_opacity\">\n\t\t\t\t<span><\/span>\n\t\t    <\/span>\n\n\t\t    \t\t\t\t\n\t\t\t\t\t\t\t<div class=\"tb-blob-tooltip tf_opacity tf_hidden\" role=\"tooltip\">Lorem ipsum dolor sit amet<\/div>\n\t\t\t\t    <\/div>\n\t\t\n\t\t\n\t    <\/div>\n    <\/div>\n<!-- \/module pointers -->\n\t        <\/div>\n\t    \t<\/div>\n\t\t    <\/div>\n\t    <!-- \/row_inner -->\n\t<\/div>\n\t<!-- \/module_row -->\n\t<\/div>\n<!--\/themify_builder_content-->","protected":false},"excerpt":{"rendered":"<p>Org\u00e3os Sociais Dire\u00e7\u00e3o Presidente: Maria Leonarda da Silva Vice-Presidente: Ana Cristina Carvalho Secret\u00e1ria: Catarina Sebasti\u00e3o Tesoureira: Maria Medeiros Vogal: Ana Cristina Trindade \u00a0 MESA DA ASSEMBLEIA GERAL Presidente: Artur Filipe Greg\u00f3rio Vice-Presidente: Fernanda Pires Secret\u00e1ria: Ana Paula Horta \u00a0 \u00a0 CONSELHO FISCAL Presidente: Jos\u00e9 Ant\u00f3nio Lopes Vice-Presidente: L\u00edcia Teles Vogal: Marta Teixeira Organograma Clique em [&hellip;]<\/p>\n","protected":false},"author":1,"featured_media":2154,"parent":0,"menu_order":0,"comment_status":"closed","ping_status":"closed","template":"","meta":{"footnotes":""},"class_list":["post-2149","page","type-page","status-publish","has-post-thumbnail","hentry","has-post-title","has-post-date","has-post-category","has-post-tag","has-post-comment","has-post-author",""],"builder_content":"<h1><br\/>Org\u00e3os Sociais<\/h1>\n\nDire\u00e7\u00e3o\n<p>Presidente: Maria Leonarda da Silva<\/p> <p>Vice-Presidente: Ana Cristina Carvalho<\/p> <p>Secret\u00e1ria: Catarina Sebasti\u00e3o<\/p> <p>Tesoureira: Maria Medeiros<\/p> <p>Vogal: Ana Cristina Trindade<\/p> <p>\u00a0<\/p>\nMESA DA ASSEMBLEIA GERAL\n<p>Presidente: Artur Filipe Greg\u00f3rio<\/p> <p>Vice-Presidente: Fernanda Pires<\/p> <p>Secret\u00e1ria: Ana Paula Horta<\/p> <p>\u00a0<\/p> <p>\u00a0<\/p>\nCONSELHO FISCAL\n<p>Presidente: Jos\u00e9 Ant\u00f3nio Lopes<\/p> <p>Vice-Presidente: L\u00edcia Teles<\/p> <p>Vogal: Marta Teixeira<\/p>\n<h1><br\/>Organograma<\/h1>\n<img loading=\"lazy\" decoding=\"async\" src=\"https:\/\/asmal.org.pt\/asmal\/wp-content\/uploads\/2020\/06\/Organograma_Novo-462x1024-800x1773.jpg\" width=\"800\" height=\"1773\" title=\"Organograma_Novo\" alt=\"Organograma_Novo\" srcset=\"https:\/\/asmal.org.pt\/asmal\/wp-content\/uploads\/2020\/06\/Organograma_Novo-462x1024-800x1773.jpg 800w, https:\/\/asmal.org.pt\/asmal\/wp-content\/uploads\/2020\/06\/Organograma_Novo-135x300.jpg 135w, https:\/\/asmal.org.pt\/asmal\/wp-content\/uploads\/2020\/06\/Organograma_Novo-462x1024.jpg 462w, https:\/\/asmal.org.pt\/asmal\/wp-content\/uploads\/2020\/06\/Organograma_Novo-693x1536.jpg 693w, https:\/\/asmal.org.pt\/asmal\/wp-content\/uploads\/2020\/06\/Organograma_Novo-462x1024-400x886.jpg 400w, https:\/\/asmal.org.pt\/asmal\/wp-content\/uploads\/2020\/06\/Organograma_Novo.jpg 737w\" sizes=\"auto, (max-width: 800px) 100vw, 800px\" \/> \n \n Clique em cada Unidade Org\u00e2nica Para obter mais informa\u00e7\u00f5es \n \n Lorem ipsum dolor sit amet \n \n Lorem ipsum dolor sit amet","_links":{"self":[{"href":"https:\/\/asmal.org.pt\/asmal\/wp-json\/wp\/v2\/pages\/2149","targetHints":{"allow":["GET"]}}],"collection":[{"href":"https:\/\/asmal.org.pt\/asmal\/wp-json\/wp\/v2\/pages"}],"about":[{"href":"https:\/\/asmal.org.pt\/asmal\/wp-json\/wp\/v2\/types\/page"}],"author":[{"embeddable":true,"href":"https:\/\/asmal.org.pt\/asmal\/wp-json\/wp\/v2\/users\/1"}],"replies":[{"embeddable":true,"href":"https:\/\/asmal.org.pt\/asmal\/wp-json\/wp\/v2\/comments?post=2149"}],"version-history":[{"count":18,"href":"https:\/\/asmal.org.pt\/asmal\/wp-json\/wp\/v2\/pages\/2149\/revisions"}],"predecessor-version":[{"id":2347,"href":"https:\/\/asmal.org.pt\/asmal\/wp-json\/wp\/v2\/pages\/2149\/revisions\/2347"}],"wp:featuredmedia":[{"embeddable":true,"href":"https:\/\/asmal.org.pt\/asmal\/wp-json\/wp\/v2\/media\/2154"}],"wp:attachment":[{"href":"https:\/\/asmal.org.pt\/asmal\/wp-json\/wp\/v2\/media?parent=2149"}],"curies":[{"name":"wp","href":"https:\/\/api.w.org\/{rel}","templated":true}]}}